{"id":103,"date":"2022-06-28T00:52:52","date_gmt":"2022-06-28T00:52:52","guid":{"rendered":"https:\/\/cecauf.com.ar\/website\/?page_id=103"},"modified":"2022-08-23T14:50:45","modified_gmt":"2022-08-23T14:50:45","slug":"sobre-cecauf","status":"publish","type":"page","link":"https:\/\/cecauf.com.ar\/website\/sobre-cecauf\/","title":{"rendered":"Sobre Cecauf"},"content":{"rendered":"\t\t<div data-elementor-type=\"wp-page\" data-elementor-id=\"103\" class=\"elementor elementor-103\" data-elementor-post-type=\"page\">\n\t\t\t\t\t\t<section class=\"elementor-section elementor-top-section elementor-element elementor-element-4834b36 elementor-section-boxed elementor-section-height-default elementor-section-height-default\" data-id=\"4834b36\" data-element_type=\"section\" data-e-type=\"section\" data-settings=\"{&quot;background_background&quot;:&quot;classic&quot;}\">\n\t\t\t\t\t\t<div class=\"elementor-container elementor-column-gap-default\">\n\t\t\t\t\t<div class=\"elementor-column elementor-col-100 elementor-top-column elementor-element elementor-element-7041977\" data-id=\"7041977\" data-element_type=\"column\" data-e-type=\"column\">\n\t\t\t<div class=\"elementor-widget-wrap elementor-element-populated\">\n\t\t\t\t\t\t<div class=\"elementor-element elementor-element-38eede0 elementor-widget elementor-widget-heading\" data-id=\"38eede0\" data-element_type=\"widget\" data-e-type=\"widget\" data-widget_type=\"heading.default\">\n\t\t\t\t<div class=\"elementor-widget-container\">\n\t\t\t\t\t<h2 class=\"elementor-heading-title elementor-size-default\">Sobre CECAUF<\/h2>\t\t\t\t<\/div>\n\t\t\t\t<\/div>\n\t\t\t\t<div class=\"elementor-element elementor-element-6cb96ad elementor-widget elementor-widget-heading\" data-id=\"6cb96ad\" data-element_type=\"widget\" data-e-type=\"widget\" data-widget_type=\"heading.default\">\n\t\t\t\t<div class=\"elementor-widget-container\">\n\t\t\t\t\t<h2 class=\"elementor-heading-title elementor-size-default\">CENTRO DE CAPACITACI\u00d3N DE LA UNIVERSIDAD FASTA<\/h2>\t\t\t\t<\/div>\n\t\t\t\t<\/div>\n\t\t\t\t<div class=\"elementor-element elementor-element-77a54cc elementor-widget elementor-widget-text-editor\" data-id=\"77a54cc\" data-element_type=\"widget\" data-e-type=\"widget\" data-widget_type=\"text-editor.default\">\n\t\t\t\t<div class=\"elementor-widget-container\">\n\t\t\t\t\t\t\t\t\t<p>Ante la necesidad de responder a la creciente demanda de capacitaci\u00f3n que atienda la inserci\u00f3n y actualizaci\u00f3n laboral, que permita la obtenci\u00f3n de herramientas para tener mayores y mejores oportunidades en el mundo del trabajo moderno, se genera en nuestro pa\u00eds una nueva tendencia en materia de oferta educativa.<\/p>\n<p>Es por ello que nuestra Universidad, como parte de su Programa de Responsabilidad Social Universitaria, crea el <strong>Centro de Capacitaci\u00f3n de la Universidad FASTA (CECAUF).<\/strong><\/p>\n<p>A trav\u00e9s del <strong>CECAUF,<\/strong> se pone al alcance de quienes buscan esta oferta educativa, programas de corta duraci\u00f3n, que otorgan capacitaci\u00f3n laboral y actualizaci\u00f3n profesional en diversas \u00e1reas. Se trata de programas breves, en formato modular, en modalidades presencial, semi-presencial y distancia\/ virtual, que permiten al interesado manejar sus tiempos y posibilidades de capacitaci\u00f3n con objetivos espec\u00edficos.<\/p>\n<p>El <strong>CECAUF<\/strong> es una unidad de gesti\u00f3n creada por Resoluci\u00f3n Rectoral 214\/14, opera de manera descentralizada con estructuras f\u00edsicas y de personal en las ciudades de Rosario, Bariloche y Mar del Plata, en coordinaci\u00f3n con las Unidades Acad\u00e9micas y de servicios de la Universidad, adem\u00e1s de las Unidades de Apoyo instaladas en el pa\u00eds y el exterior.<\/p>\n<p>Actualmente, el <b>Centro de Capacitaci\u00f3n de la Universidad FASTA<\/b> ofrece <b>m\u00e1s de 250 capacitaciones<\/b> entre Diplomaturas, Actualizaciones, Especializaciones, Programas Superiores, Cursos Universitarios, etc., relacionados a Perfeccionamiento Docente, Arte, Marketing y Ventas, Comunicaci\u00f3n, Deportes y Educaci\u00f3n F\u00edsica, Derecho y Pol\u00edtica, Medio Ambiente, Recursos Humanos, Ofim\u00e1tica y Tecnolog\u00eda, Turismo y Hospitalidad, Gesti\u00f3n, Habilidades Blandas, Liderazgo.<\/p>\t\t\t\t\t\t\t\t<\/div>\n\t\t\t\t<\/div>\n\t\t\t\t\t<\/div>\n\t\t<\/div>\n\t\t\t\t\t<\/div>\n\t\t<\/section>\n\t\t\t\t<\/div>\n\t\t","protected":false},"excerpt":{"rendered":"<p>Sobre CECAUF CENTRO DE CAPACITACI\u00d3N DE LA UNIVERSIDAD FASTA Ante la necesidad de responder a la creciente demanda de capacitaci\u00f3n que atienda la inserci\u00f3n y actualizaci\u00f3n laboral, que permita la obtenci\u00f3n de herramientas para tener mayores y mejores oportunidades en el mundo del trabajo moderno, se genera en nuestro pa\u00eds una nueva tendencia en materia [&hellip;]<\/p>\n","protected":false},"author":4,"featured_media":0,"parent":0,"menu_order":0,"comment_status":"closed","ping_status":"closed","template":"elementor_header_footer","meta":{"site-sidebar-layout":"no-sidebar","site-content-layout":"page-builder","ast-site-content-layout":"default","site-content-style":"default","site-sidebar-style":"default","ast-global-header-display":"","ast-banner-title-visibility":"","ast-main-header-display":"","ast-hfb-above-header-display":"","ast-hfb-below-header-display":"","ast-hfb-mobile-header-display":"","site-post-title":"disabled","ast-breadcrumbs-content":"","ast-featured-img":"disabled","footer-sml-layout":"","theme-transparent-header-meta":"","adv-header-id-meta":"","stick-header-meta":"","header-above-stick-meta":"","header-main-stick-meta":"","header-below-stick-meta":"","astra-migrate-meta-layouts":"default","ast-page-background-enabled":"default","ast-page-background-meta":{"desktop":{"background-color":"var(--ast-global-color-4)","background-image":"","background-repeat":"repeat","background-position":"center center","background-size":"auto","background-attachment":"scroll","background-type":"","background-media":"","overlay-type":"","overlay-color":"","overlay-opacity":"","overlay-gradient":""},"tablet":{"background-color":"","background-image":"","background-repeat":"repeat","background-position":"center center","background-size":"auto","background-attachment":"scroll","background-type":"","background-media":"","overlay-type":"","overlay-color":"","overlay-opacity":"","overlay-gradient":""},"mobile":{"background-color":"","background-image":"","background-repeat":"repeat","background-position":"center center","background-size":"auto","background-attachment":"scroll","background-type":"","background-media":"","overlay-type":"","overlay-color":"","overlay-opacity":"","overlay-gradient":""}},"ast-content-background-meta":{"desktop":{"background-color":"var(--ast-global-color-5)","background-image":"","background-repeat":"repeat","background-position":"center center","background-size":"auto","background-attachment":"scroll","background-type":"","background-media":"","overlay-type":"","overlay-color":"","overlay-opacity":"","overlay-gradient":""},"tablet":{"background-color":"var(--ast-global-color-5)","background-image":"","background-repeat":"repeat","background-position":"center center","background-size":"auto","background-attachment":"scroll","background-type":"","background-media":"","overlay-type":"","overlay-color":"","overlay-opacity":"","overlay-gradient":""},"mobile":{"background-color":"var(--ast-global-color-5)","background-image":"","background-repeat":"repeat","background-position":"center center","background-size":"auto","background-attachment":"scroll","background-type":"","background-media":"","overlay-type":"","overlay-color":"","overlay-opacity":"","overlay-gradient":""}},"_joinchat":[],"footnotes":""},"class_list":["post-103","page","type-page","status-publish","hentry"],"_links":{"self":[{"href":"https:\/\/cecauf.com.ar\/website\/wp-json\/wp\/v2\/pages\/103","targetHints":{"allow":["GET"]}}],"collection":[{"href":"https:\/\/cecauf.com.ar\/website\/wp-json\/wp\/v2\/pages"}],"about":[{"href":"https:\/\/cecauf.com.ar\/website\/wp-json\/wp\/v2\/types\/page"}],"author":[{"embeddable":true,"href":"https:\/\/cecauf.com.ar\/website\/wp-json\/wp\/v2\/users\/4"}],"replies":[{"embeddable":true,"href":"https:\/\/cecauf.com.ar\/website\/wp-json\/wp\/v2\/comments?post=103"}],"version-history":[{"count":13,"href":"https:\/\/cecauf.com.ar\/website\/wp-json\/wp\/v2\/pages\/103\/revisions"}],"predecessor-version":[{"id":1766,"href":"https:\/\/cecauf.com.ar\/website\/wp-json\/wp\/v2\/pages\/103\/revisions\/1766"}],"wp:attachment":[{"href":"https:\/\/cecauf.com.ar\/website\/wp-json\/wp\/v2\/media?parent=103"}],"curies":[{"name":"wp","href":"https:\/\/api.w.org\/{rel}","templated":true}]}}