{"id":4186,"date":"2025-09-29T17:18:27","date_gmt":"2025-09-29T17:18:27","guid":{"rendered":"https:\/\/cecauf.com.ar\/website\/?page_id=4186"},"modified":"2025-10-07T14:26:41","modified_gmt":"2025-10-07T14:26:41","slug":"tramo-caba","status":"publish","type":"page","link":"https:\/\/cecauf.com.ar\/website\/tramo-caba\/","title":{"rendered":"Tramo &#8211; CABA"},"content":{"rendered":"\t\t<div data-elementor-type=\"wp-page\" data-elementor-id=\"4186\" class=\"elementor elementor-4186\" data-elementor-post-type=\"page\">\n\t\t\t\t<div class=\"elementor-element elementor-element-2b1ddf8 e-con-full e-flex e-con e-parent\" data-id=\"2b1ddf8\" data-element_type=\"container\" data-e-type=\"container\">\n\t\t<div class=\"elementor-element elementor-element-a84029f e-flex e-con-boxed e-con e-child\" data-id=\"a84029f\" data-element_type=\"container\" data-e-type=\"container\" data-settings=\"{&quot;background_background&quot;:&quot;classic&quot;}\">\n\t\t\t\t\t<div class=\"e-con-inner\">\n\t\t\t\t<div class=\"elementor-element elementor-element-5dc10a9 elementor-widget elementor-widget-heading\" data-id=\"5dc10a9\" data-element_type=\"widget\" data-e-type=\"widget\" data-widget_type=\"heading.default\">\n\t\t\t\t<div class=\"elementor-widget-container\">\n\t\t\t\t\t<h2 class=\"elementor-heading-title elementor-size-default\">CABA<\/h2>\t\t\t\t<\/div>\n\t\t\t\t<\/div>\n\t\t\t\t<div class=\"elementor-element elementor-element-fb997e1 elementor-widget elementor-widget-heading\" data-id=\"fb997e1\" data-element_type=\"widget\" data-e-type=\"widget\" data-widget_type=\"heading.default\">\n\t\t\t\t<div class=\"elementor-widget-container\">\n\t\t\t\t\t<h2 class=\"elementor-heading-title elementor-size-default\">Tramo de formaci\u00f3n pedag\u00f3gica para profesionales<br>y t\u00e9cnicos superiores <\/h2>\t\t\t\t<\/div>\n\t\t\t\t<\/div>\n\t\t\t\t\t<\/div>\n\t\t\t\t<\/div>\n\t\t<div class=\"elementor-element elementor-element-adce5e7 e-flex e-con-boxed e-con e-child\" data-id=\"adce5e7\" data-element_type=\"container\" data-e-type=\"container\">\n\t\t\t\t\t<div class=\"e-con-inner\">\n\t\t\t\t<div class=\"elementor-element elementor-element-4e1d111 elementor-grid-2 elementor-grid-tablet-2 elementor-grid-mobile-1 elementor-widget elementor-widget-loop-grid\" data-id=\"4e1d111\" data-element_type=\"widget\" data-e-type=\"widget\" data-settings=\"{&quot;template_id&quot;:&quot;4074&quot;,&quot;columns&quot;:2,&quot;_skin&quot;:&quot;post&quot;,&quot;columns_tablet&quot;:&quot;2&quot;,&quot;columns_mobile&quot;:&quot;1&quot;,&quot;edit_handle_selector&quot;:&quot;[data-elementor-type=\\&quot;loop-item\\&quot;]&quot;,&quot;row_gap&quot;:{&quot;unit&quot;:&quot;px&quot;,&quot;size&quot;:&quot;&quot;,&quot;sizes&quot;:[]},&quot;row_gap_tablet&quot;:{&quot;unit&quot;:&quot;px&quot;,&quot;size&quot;:&quot;&quot;,&quot;sizes&quot;:[]},&quot;row_gap_mobile&quot;:{&quot;unit&quot;:&quot;px&quot;,&quot;size&quot;:&quot;&quot;,&quot;sizes&quot;:[]}}\" data-widget_type=\"loop-grid.post\">\n\t\t\t\t<div class=\"elementor-widget-container\">\n\t\t\t\t\t\t\t<div class=\"elementor-loop-container elementor-grid\" role=\"list\">\n\t\t<style id=\"loop-4074\">.elementor-4074 .elementor-element.elementor-element-2ae0d32{--display:flex;--flex-direction:column;--container-widget-width:100%;--container-widget-height:initial;--container-widget-flex-grow:0;--container-widget-align-self:initial;--flex-wrap-mobile:wrap;--gap:0px 0px;--row-gap:0px;--column-gap:0px;--margin-top:0px;--margin-bottom:0px;--margin-left:0px;--margin-right:0px;--padding-top:0px;--padding-bottom:0px;--padding-left:0px;--padding-right:0px;}.elementor-4074 .elementor-element.elementor-element-db29b9c .jet-listing-dynamic-field__content{color:#FFFFFF;font-family:\"Barlow Condensed\", Sans-serif;font-size:18px;font-weight:bold;text-decoration:none;text-align:center;}.elementor-4074 .elementor-element.elementor-element-db29b9c .jet-listing-dynamic-field .jet-listing-dynamic-field__inline-wrap{width:auto;}.elementor-4074 .elementor-element.elementor-element-db29b9c .jet-listing-dynamic-field .jet-listing-dynamic-field__content{width:auto;}.elementor-4074 .elementor-element.elementor-element-db29b9c .jet-listing-dynamic-field{justify-content:center;}.elementor-4074 .elementor-element.elementor-element-db29b9c > .elementor-widget-container{padding:5px 0px 5px 0px;background-color:#FF0000;}.elementor-4074 .elementor-element.elementor-element-db29b9c{width:100%;max-width:100%;}.elementor-4074 .elementor-element.elementor-element-db29b9c.elementor-element{--flex-grow:0;--flex-shrink:0;}.elementor-widget-image .widget-image-caption{color:var( --e-global-color-text );font-family:var( --e-global-typography-text-font-family ), Sans-serif;font-size:var( --e-global-typography-text-font-size );font-weight:var( --e-global-typography-text-font-weight );}.elementor-4074 .elementor-element.elementor-element-6e5c633 > .elementor-widget-container{padding:0px 0px 10px 0px;}.elementor-widget-heading .elementor-heading-title{font-family:var( --e-global-typography-primary-font-family ), Sans-serif;font-weight:var( --e-global-typography-primary-font-weight );color:var( --e-global-color-primary );}.elementor-4074 .elementor-element.elementor-element-958db44{text-align:center;}.elementor-4074 .elementor-element.elementor-element-958db44 .elementor-heading-title{font-family:\"Barlow Semi Condensed\", Sans-serif;font-size:16px;font-weight:500;}.elementor-4074 .elementor-element.elementor-element-958db44 > .elementor-widget-container{padding:0px 0px 10px 0px;}.elementor-4074 .elementor-element.elementor-element-6d856d6 .jet-listing-dynamic-field__content{color:#93CFE7;font-family:\"Barlow Condensed\", Sans-serif;font-size:24px;font-weight:normal;text-decoration:line-through;text-align:center;}.elementor-4074 .elementor-element.elementor-element-6d856d6 .jet-listing-dynamic-field .jet-listing-dynamic-field__inline-wrap{width:auto;}.elementor-4074 .elementor-element.elementor-element-6d856d6 .jet-listing-dynamic-field .jet-listing-dynamic-field__content{width:auto;}.elementor-4074 .elementor-element.elementor-element-6d856d6 .jet-listing-dynamic-field{justify-content:center;}.elementor-4074 .elementor-element.elementor-element-274f77e .jet-listing-dynamic-field__content{color:var( --e-global-color-accent );font-family:\"Barlow Condensed\", Sans-serif;font-size:24px;font-weight:600;text-align:center;}.elementor-4074 .elementor-element.elementor-element-274f77e .jet-listing-dynamic-field .jet-listing-dynamic-field__inline-wrap{width:auto;}.elementor-4074 .elementor-element.elementor-element-274f77e .jet-listing-dynamic-field .jet-listing-dynamic-field__content{width:auto;}.elementor-4074 .elementor-element.elementor-element-274f77e .jet-listing-dynamic-field{justify-content:center;}@media(max-width:1024px){.elementor-widget-image .widget-image-caption{font-size:var( --e-global-typography-text-font-size );}}@media(max-width:767px){.elementor-4074 .elementor-element.elementor-element-db29b9c .jet-listing-dynamic-field__content{font-size:14px;}.elementor-widget-image .widget-image-caption{font-size:var( --e-global-typography-text-font-size );}}<\/style>\t\t<div data-elementor-type=\"loop-item\" data-elementor-id=\"4074\" class=\"elementor elementor-4074 e-loop-item e-loop-item-4562 post-4562 producto type-producto status-publish has-post-thumbnail hentry provincia_region-caba\" data-elementor-post-type=\"elementor_library\" data-custom-edit-handle=\"1\">\n\t\t\t<div class=\"elementor-element elementor-element-2ae0d32 e-flex e-con-boxed e-con e-parent\" data-id=\"2ae0d32\" data-element_type=\"container\" data-e-type=\"container\">\n\t\t\t\t\t<div class=\"e-con-inner\">\n\t\t\t\t<div class=\"elementor-element elementor-element-db29b9c elementor-widget__width-inherit elementor-widget elementor-widget-jet-listing-dynamic-field\" data-id=\"db29b9c\" data-element_type=\"widget\" data-e-type=\"widget\" data-widget_type=\"jet-listing-dynamic-field.default\">\n\t\t\t\t<div class=\"elementor-widget-container\">\n\t\t\t\t\t<div class=\"jet-listing jet-listing-dynamic-field display-inline\"><div class=\"jet-listing-dynamic-field__inline-wrap\"><div class=\"jet-listing-dynamic-field__content\" >20% DE DESCUENTO<\/div><\/div><\/div>\t\t\t\t<\/div>\n\t\t\t\t<\/div>\n\t\t\t\t<div class=\"elementor-element elementor-element-6e5c633 elementor-widget elementor-widget-image\" data-id=\"6e5c633\" data-element_type=\"widget\" data-e-type=\"widget\" data-widget_type=\"image.default\">\n\t\t\t\t<div class=\"elementor-widget-container\">\n\t\t\t\t\t\t\t\t\t\t\t\t\t\t\t\t<a href=\"https:\/\/cecauf.com.ar\/website\/producto\/tramo-de-formacion-pedagogica-para-profesionales-y-tecnicos-superiores-caba\/\">\n\t\t\t\t\t\t\t<img fetchpriority=\"high\" decoding=\"async\" width=\"1000\" height=\"500\" src=\"https:\/\/cecauf.com.ar\/website\/wp-content\/uploads\/2025\/05\/tramo-1-1.jpg\" class=\"attachment-large size-large wp-image-4160\" alt=\"\" srcset=\"https:\/\/cecauf.com.ar\/website\/wp-content\/uploads\/2025\/05\/tramo-1-1.jpg 1000w, https:\/\/cecauf.com.ar\/website\/wp-content\/uploads\/2025\/05\/tramo-1-1-300x150.jpg 300w, https:\/\/cecauf.com.ar\/website\/wp-content\/uploads\/2025\/05\/tramo-1-1-768x384.jpg 768w, https:\/\/cecauf.com.ar\/website\/wp-content\/uploads\/2025\/05\/tramo-1-1-600x300.jpg 600w\" sizes=\"(max-width: 1000px) 100vw, 1000px\" \/>\t\t\t\t\t\t\t\t<\/a>\n\t\t\t\t\t\t\t\t\t\t\t\t\t\t\t<\/div>\n\t\t\t\t<\/div>\n\t\t\t\t<div class=\"elementor-element elementor-element-958db44 elementor-widget elementor-widget-heading\" data-id=\"958db44\" data-element_type=\"widget\" data-e-type=\"widget\" data-widget_type=\"heading.default\">\n\t\t\t\t<div class=\"elementor-widget-container\">\n\t\t\t\t\t<h2 class=\"elementor-heading-title elementor-size-default\"><a href=\"https:\/\/cecauf.com.ar\/website\/producto\/tramo-de-formacion-pedagogica-para-profesionales-y-tecnicos-superiores-caba\/\">Tramo de Formaci\u00f3n Pedag\u00f3gica para Profesionales y T\u00e9cnicos Superiores<\/a><\/h2>\t\t\t\t<\/div>\n\t\t\t\t<\/div>\n\t\t\t\t<div class=\"elementor-element elementor-element-6d856d6 elementor-widget elementor-widget-jet-listing-dynamic-field\" data-id=\"6d856d6\" data-element_type=\"widget\" data-e-type=\"widget\" data-widget_type=\"jet-listing-dynamic-field.default\">\n\t\t\t\t<div class=\"elementor-widget-container\">\n\t\t\t\t\t<div class=\"jet-listing jet-listing-dynamic-field display-inline\"><div class=\"jet-listing-dynamic-field__inline-wrap\"><div class=\"jet-listing-dynamic-field__content\" >$ 862.500<\/div><\/div><\/div>\t\t\t\t<\/div>\n\t\t\t\t<\/div>\n\t\t\t\t<div class=\"elementor-element elementor-element-274f77e elementor-widget elementor-widget-jet-listing-dynamic-field\" data-id=\"274f77e\" data-element_type=\"widget\" data-e-type=\"widget\" data-widget_type=\"jet-listing-dynamic-field.default\">\n\t\t\t\t<div class=\"elementor-widget-container\">\n\t\t\t\t\t<div class=\"jet-listing jet-listing-dynamic-field display-inline\"><div class=\"jet-listing-dynamic-field__inline-wrap\"><div class=\"jet-listing-dynamic-field__content\" >$ 690.000<\/div><\/div><\/div>\t\t\t\t<\/div>\n\t\t\t\t<\/div>\n\t\t\t\t\t<\/div>\n\t\t\t\t<\/div>\n\t\t\t\t<\/div>\n\t\t\t\t<\/div>\n\t\t\n\t\t\t\t\t\t<\/div>\n\t\t\t\t<\/div>\n\t\t\t\t\t<\/div>\n\t\t\t\t<\/div>\n\t\t\t\t<\/div>\n\t\t\t\t<\/div>\n\t\t","protected":false},"excerpt":{"rendered":"<p>CABA Tramo de formaci\u00f3n pedag\u00f3gica para profesionalesy t\u00e9cnicos superiores<\/p>\n","protected":false},"author":3,"featured_media":0,"parent":0,"menu_order":0,"comment_status":"closed","ping_status":"closed","template":"elementor_header_footer","meta":{"site-sidebar-layout":"no-sidebar","site-content-layout":"page-builder","ast-site-content-layout":"full-width-container","site-content-style":"default","site-sidebar-style":"default","ast-global-header-display":"","ast-banner-title-visibility":"","ast-main-header-display":"","ast-hfb-above-header-display":"","ast-hfb-below-header-display":"","ast-hfb-mobile-header-display":"","site-post-title":"","ast-breadcrumbs-content":"","ast-featured-img":"disabled","footer-sml-layout":"","theme-transparent-header-meta":"","adv-header-id-meta":"","stick-header-meta":"","header-above-stick-meta":"","header-main-stick-meta":"","header-below-stick-meta":"","astra-migrate-meta-layouts":"set","ast-page-background-enabled":"default","ast-page-background-meta":{"desktop":{"background-color":"var(--ast-global-color-4)","background-image":"","background-repeat":"repeat","background-position":"center center","background-size":"auto","background-attachment":"scroll","background-type":"","background-media":"","overlay-type":"","overlay-color":"","overlay-opacity":"","overlay-gradient":""},"tablet":{"background-color":"","background-image":"","background-repeat":"repeat","background-position":"center center","background-size":"auto","background-attachment":"scroll","background-type":"","background-media":"","overlay-type":"","overlay-color":"","overlay-opacity":"","overlay-gradient":""},"mobile":{"background-color":"","background-image":"","background-repeat":"repeat","background-position":"center center","background-size":"auto","background-attachment":"scroll","background-type":"","background-media":"","overlay-type":"","overlay-color":"","overlay-opacity":"","overlay-gradient":""}},"ast-content-background-meta":{"desktop":{"background-color":"var(--ast-global-color-5)","background-image":"","background-repeat":"repeat","background-position":"center center","background-size":"auto","background-attachment":"scroll","background-type":"","background-media":"","overlay-type":"","overlay-color":"","overlay-opacity":"","overlay-gradient":""},"tablet":{"background-color":"var(--ast-global-color-5)","background-image":"","background-repeat":"repeat","background-position":"center center","background-size":"auto","background-attachment":"scroll","background-type":"","background-media":"","overlay-type":"","overlay-color":"","overlay-opacity":"","overlay-gradient":""},"mobile":{"background-color":"var(--ast-global-color-5)","background-image":"","background-repeat":"repeat","background-position":"center center","background-size":"auto","background-attachment":"scroll","background-type":"","background-media":"","overlay-type":"","overlay-color":"","overlay-opacity":"","overlay-gradient":""}},"_joinchat":[],"footnotes":""},"class_list":["post-4186","page","type-page","status-publish","hentry"],"_links":{"self":[{"href":"https:\/\/cecauf.com.ar\/website\/wp-json\/wp\/v2\/pages\/4186","targetHints":{"allow":["GET"]}}],"collection":[{"href":"https:\/\/cecauf.com.ar\/website\/wp-json\/wp\/v2\/pages"}],"about":[{"href":"https:\/\/cecauf.com.ar\/website\/wp-json\/wp\/v2\/types\/page"}],"author":[{"embeddable":true,"href":"https:\/\/cecauf.com.ar\/website\/wp-json\/wp\/v2\/users\/3"}],"replies":[{"embeddable":true,"href":"https:\/\/cecauf.com.ar\/website\/wp-json\/wp\/v2\/comments?post=4186"}],"version-history":[{"count":28,"href":"https:\/\/cecauf.com.ar\/website\/wp-json\/wp\/v2\/pages\/4186\/revisions"}],"predecessor-version":[{"id":4581,"href":"https:\/\/cecauf.com.ar\/website\/wp-json\/wp\/v2\/pages\/4186\/revisions\/4581"}],"wp:attachment":[{"href":"https:\/\/cecauf.com.ar\/website\/wp-json\/wp\/v2\/media?parent=4186"}],"curies":[{"name":"wp","href":"https:\/\/api.w.org\/{rel}","templated":true}]}}